{"id":57606,"date":"2025-08-12T19:42:21","date_gmt":"2025-08-12T17:42:21","guid":{"rendered":"https:\/\/dvmbatiment.fr\/?page_id=57606"},"modified":"2025-08-12T19:42:42","modified_gmt":"2025-08-12T17:42:42","slug":"politique-de-confidentialite-rgpd","status":"publish","type":"page","link":"https:\/\/dvmbatiment.fr\/index.php\/politique-de-confidentialite-rgpd\/","title":{"rendered":"Politique de confidentialit\u00e9 (RGPD)"},"content":{"rendered":"<p><strong>Derni\u00e8re mise \u00e0 jour : 16 avril 2024<\/strong><\/p>\n<p>La pr\u00e9sente politique de confidentialit\u00e9 d\u00e9crit la mani\u00e8re dont\u00a0<strong>DVM B\u00e2timent<\/strong>\u00a0collecte, utilise et prot\u00e8ge les informations personnelles des utilisateurs du site\u00a0<strong><u><a href=\"http:\/\/www.dvmbatiment.fr\/\">www.dvmbatiment.fr<\/a><\/u><\/strong>.<\/p>\n<ol>\n<li><strong> Responsable du traitement<\/strong><\/li>\n<\/ol>\n<p>Le responsable du traitement des donn\u00e9es est :<br \/>\n<strong>DVM B\u00e2timent \u2013 SARL<\/strong><br \/>\n629 Route de l\u2019\u00cele Delbe, 33190 FONTET \u2013 France<br \/>\nE-mail :\u00a0<u><a href=\"mailto:dovale.m@orange.fr\">dovale.m@orange.fr<\/a><\/u><br \/>\nT\u00e9l\u00e9phone : 05 56 71 69 17<\/p>\n<ol start=\"2\">\n<li><strong> Donn\u00e9es collect\u00e9es<\/strong><\/li>\n<\/ol>\n<p>Nous collectons les donn\u00e9es suivantes :<\/p>\n<ul>\n<li>Nom, pr\u00e9nom<\/li>\n<li>Coordonn\u00e9es (t\u00e9l\u00e9phone, e-mail, adresse)<\/li>\n<li>Informations communiqu\u00e9es via le formulaire de contact<\/li>\n<\/ul>\n<p>Ces donn\u00e9es sont collect\u00e9es uniquement lorsque vous les saisissez volontairement (exemple : en envoyant un message via notre formulaire).<\/p>\n<ol start=\"3\">\n<li><strong> Finalit\u00e9s du traitement<\/strong><\/li>\n<\/ol>\n<p>Vos donn\u00e9es sont utilis\u00e9es uniquement pour :<\/p>\n<ul>\n<li>R\u00e9pondre \u00e0 vos demandes de renseignements<\/li>\n<li>\u00c9tablir un devis ou une proposition commerciale<\/li>\n<li>Suivre l\u2019ex\u00e9cution d\u2019une prestation<\/li>\n<li>Respecter nos obligations l\u00e9gales et fiscales<\/li>\n<\/ul>\n<ol start=\"4\">\n<li><strong> Base l\u00e9gale du traitement<\/strong><\/li>\n<\/ol>\n<p>Le traitement de vos donn\u00e9es est bas\u00e9 sur :<\/p>\n<ul>\n<li>Votre consentement (article 6.1.a RGPD)<\/li>\n<li>L\u2019ex\u00e9cution d\u2019un contrat ou de mesures pr\u00e9contractuelles (article 6.1.b RGPD)<\/li>\n<\/ul>\n<ol start=\"5\">\n<li><strong> Conservation des donn\u00e9es<\/strong><\/li>\n<\/ol>\n<p>Vos donn\u00e9es sont conserv\u00e9es pour une dur\u00e9e maximale de\u00a0<strong>3 ans<\/strong>\u00a0apr\u00e8s le dernier contact, sauf obligations l\u00e9gales plus longues (facturation, garantie d\u00e9cennale, etc.).<\/p>\n<ol start=\"6\">\n<li><strong> Partage des donn\u00e9es<\/strong><\/li>\n<\/ol>\n<p>Vos donn\u00e9es ne sont\u00a0<strong>jamais vendues, \u00e9chang\u00e9es ou lou\u00e9es<\/strong>\u00a0\u00e0 des tiers. Elles peuvent \u00eatre transmises \u00e0 :<\/p>\n<ul>\n<li>Nos prestataires techniques (h\u00e9bergeur du site)<\/li>\n<li>Nos partenaires professionnels, uniquement dans le cadre de l\u2019ex\u00e9cution d\u2019un chantier, avec votre accord<\/li>\n<\/ul>\n<ol start=\"7\">\n<li><strong> Vos droits<\/strong><\/li>\n<\/ol>\n<p>Conform\u00e9ment au RGPD, vous disposez des droits suivants :<\/p>\n<ul>\n<li>Acc\u00e8s, rectification, suppression<\/li>\n<li>Limitation du traitement<\/li>\n<li>Opposition au traitement<\/li>\n<li>Portabilit\u00e9 de vos donn\u00e9es<\/li>\n<\/ul>\n<p>Pour exercer ces droits :\u00a0<strong><u><a href=\"mailto:dovale.m@orange.fr\">dovale.m@orange.fr<\/a><\/u><\/strong><br \/>\nVous pouvez \u00e9galement d\u00e9poser une r\u00e9clamation aupr\u00e8s de la\u00a0<strong>CNIL<\/strong>\u00a0(<u><a href=\"http:\/\/www.cnil.fr\/\">www.cnil.fr<\/a><\/u>).<\/p>\n<ol start=\"8\">\n<li><strong> S\u00e9curit\u00e9 des donn\u00e9es<\/strong><\/li>\n<\/ol>\n<p>Nous mettons en \u0153uvre toutes les mesures n\u00e9cessaires pour prot\u00e9ger vos donn\u00e9es personnelles contre l\u2019acc\u00e8s non autoris\u00e9, l\u2019alt\u00e9ration ou la destruction.<\/p>\n","protected":false},"excerpt":{"rendered":"<p>Derni\u00e8re mise \u00e0 jour : 16 avril 2024 La pr\u00e9sente politique de confidentialit\u00e9 d\u00e9crit la mani\u00e8re dont\u00a0DVM B\u00e2timent\u00a0collecte, utilise et prot\u00e8ge les informations personnelles des utilisateurs du site\u00a0www.dvmbatiment.fr. Responsable du traitement Le responsable du traitement des donn\u00e9es est : DVM B\u00e2timent \u2013 SARL 629 Route&#8230;<\/p>\n","protected":false},"author":2,"featured_media":0,"parent":0,"menu_order":0,"comment_status":"closed","ping_status":"closed","template":"","meta":{"footnotes":""},"class_list":["post-57606","page","type-page","status-publish","hentry"],"yoast_head":"<!-- This site is optimized with the Yoast SEO plugin v22.4 - https:\/\/yoast.com\/wordpress\/plugins\/seo\/ -->\n<title>Politique de confidentialit\u00e9 (RGPD) - DVM BATIMENT<\/title>\n<meta name=\"robots\" content=\"index, follow, max-snippet:-1, max-image-preview:large, max-video-preview:-1\" \/>\n<link rel=\"canonical\" href=\"https:\/\/dvmbatiment.fr\/index.php\/politique-de-confidentialite-rgpd\/\" \/>\n<meta property=\"og:locale\" content=\"fr_FR\" \/>\n<meta property=\"og:type\" content=\"article\" \/>\n<meta property=\"og:title\" content=\"Politique de confidentialit\u00e9 (RGPD) - DVM BATIMENT\" \/>\n<meta property=\"og:description\" content=\"Derni\u00e8re mise \u00e0 jour : 16 avril 2024 La pr\u00e9sente politique de confidentialit\u00e9 d\u00e9crit la mani\u00e8re dont\u00a0DVM B\u00e2timent\u00a0collecte, utilise et prot\u00e8ge les informations personnelles des utilisateurs du site\u00a0www.dvmbatiment.fr. Responsable du traitement Le responsable du traitement des donn\u00e9es est : DVM B\u00e2timent \u2013 SARL 629 Route...\" \/>\n<meta property=\"og:url\" content=\"https:\/\/dvmbatiment.fr\/index.php\/politique-de-confidentialite-rgpd\/\" \/>\n<meta property=\"og:site_name\" content=\"DVM BATIMENT\" \/>\n<meta property=\"article:modified_time\" content=\"2025-08-12T17:42:42+00:00\" \/>\n<meta name=\"twitter:card\" content=\"summary_large_image\" \/>\n<meta name=\"twitter:label1\" content=\"Dur\u00e9e de lecture estim\u00e9e\" \/>\n\t<meta name=\"twitter:data1\" content=\"2 minutes\" \/>\n<script type=\"application\/ld+json\" class=\"yoast-schema-graph\">{\"@context\":\"https:\/\/schema.org\",\"@graph\":[{\"@type\":\"WebPage\",\"@id\":\"https:\/\/dvmbatiment.fr\/index.php\/politique-de-confidentialite-rgpd\/\",\"url\":\"https:\/\/dvmbatiment.fr\/index.php\/politique-de-confidentialite-rgpd\/\",\"name\":\"Politique de confidentialit\u00e9 (RGPD) - DVM BATIMENT\",\"isPartOf\":{\"@id\":\"https:\/\/dvmbatiment.fr\/#website\"},\"datePublished\":\"2025-08-12T17:42:21+00:00\",\"dateModified\":\"2025-08-12T17:42:42+00:00\",\"breadcrumb\":{\"@id\":\"https:\/\/dvmbatiment.fr\/index.php\/politique-de-confidentialite-rgpd\/#breadcrumb\"},\"inLanguage\":\"fr-FR\",\"potentialAction\":[{\"@type\":\"ReadAction\",\"target\":[\"https:\/\/dvmbatiment.fr\/index.php\/politique-de-confidentialite-rgpd\/\"]}]},{\"@type\":\"BreadcrumbList\",\"@id\":\"https:\/\/dvmbatiment.fr\/index.php\/politique-de-confidentialite-rgpd\/#breadcrumb\",\"itemListElement\":[{\"@type\":\"ListItem\",\"position\":1,\"name\":\"Accueil\",\"item\":\"https:\/\/dvmbatiment.fr\/\"},{\"@type\":\"ListItem\",\"position\":2,\"name\":\"Politique de confidentialit\u00e9 (RGPD)\"}]},{\"@type\":\"WebSite\",\"@id\":\"https:\/\/dvmbatiment.fr\/#website\",\"url\":\"https:\/\/dvmbatiment.fr\/\",\"name\":\"DVM BATIMENT\",\"description\":\"Ma\u00e7onnerie\",\"potentialAction\":[{\"@type\":\"SearchAction\",\"target\":{\"@type\":\"EntryPoint\",\"urlTemplate\":\"https:\/\/dvmbatiment.fr\/?s={search_term_string}\"},\"query-input\":\"required name=search_term_string\"}],\"inLanguage\":\"fr-FR\"}]}<\/script>\n<!-- \/ Yoast SEO plugin. -->","yoast_head_json":{"title":"Politique de confidentialit\u00e9 (RGPD) - DVM BATIMENT","robots":{"index":"index","follow":"follow","max-snippet":"max-snippet:-1","max-image-preview":"max-image-preview:large","max-video-preview":"max-video-preview:-1"},"canonical":"https:\/\/dvmbatiment.fr\/index.php\/politique-de-confidentialite-rgpd\/","og_locale":"fr_FR","og_type":"article","og_title":"Politique de confidentialit\u00e9 (RGPD) - DVM BATIMENT","og_description":"Derni\u00e8re mise \u00e0 jour : 16 avril 2024 La pr\u00e9sente politique de confidentialit\u00e9 d\u00e9crit la mani\u00e8re dont\u00a0DVM B\u00e2timent\u00a0collecte, utilise et prot\u00e8ge les informations personnelles des utilisateurs du site\u00a0www.dvmbatiment.fr. Responsable du traitement Le responsable du traitement des donn\u00e9es est : DVM B\u00e2timent \u2013 SARL 629 Route...","og_url":"https:\/\/dvmbatiment.fr\/index.php\/politique-de-confidentialite-rgpd\/","og_site_name":"DVM BATIMENT","article_modified_time":"2025-08-12T17:42:42+00:00","twitter_card":"summary_large_image","twitter_misc":{"Dur\u00e9e de lecture estim\u00e9e":"2 minutes"},"schema":{"@context":"https:\/\/schema.org","@graph":[{"@type":"WebPage","@id":"https:\/\/dvmbatiment.fr\/index.php\/politique-de-confidentialite-rgpd\/","url":"https:\/\/dvmbatiment.fr\/index.php\/politique-de-confidentialite-rgpd\/","name":"Politique de confidentialit\u00e9 (RGPD) - DVM BATIMENT","isPartOf":{"@id":"https:\/\/dvmbatiment.fr\/#website"},"datePublished":"2025-08-12T17:42:21+00:00","dateModified":"2025-08-12T17:42:42+00:00","breadcrumb":{"@id":"https:\/\/dvmbatiment.fr\/index.php\/politique-de-confidentialite-rgpd\/#breadcrumb"},"inLanguage":"fr-FR","potentialAction":[{"@type":"ReadAction","target":["https:\/\/dvmbatiment.fr\/index.php\/politique-de-confidentialite-rgpd\/"]}]},{"@type":"BreadcrumbList","@id":"https:\/\/dvmbatiment.fr\/index.php\/politique-de-confidentialite-rgpd\/#breadcrumb","itemListElement":[{"@type":"ListItem","position":1,"name":"Accueil","item":"https:\/\/dvmbatiment.fr\/"},{"@type":"ListItem","position":2,"name":"Politique de confidentialit\u00e9 (RGPD)"}]},{"@type":"WebSite","@id":"https:\/\/dvmbatiment.fr\/#website","url":"https:\/\/dvmbatiment.fr\/","name":"DVM BATIMENT","description":"Ma\u00e7onnerie","potentialAction":[{"@type":"SearchAction","target":{"@type":"EntryPoint","urlTemplate":"https:\/\/dvmbatiment.fr\/?s={search_term_string}"},"query-input":"required name=search_term_string"}],"inLanguage":"fr-FR"}]}},"_links":{"self":[{"href":"https:\/\/dvmbatiment.fr\/index.php\/wp-json\/wp\/v2\/pages\/57606","targetHints":{"allow":["GET"]}}],"collection":[{"href":"https:\/\/dvmbatiment.fr\/index.php\/wp-json\/wp\/v2\/pages"}],"about":[{"href":"https:\/\/dvmbatiment.fr\/index.php\/wp-json\/wp\/v2\/types\/page"}],"author":[{"embeddable":true,"href":"https:\/\/dvmbatiment.fr\/index.php\/wp-json\/wp\/v2\/users\/2"}],"replies":[{"embeddable":true,"href":"https:\/\/dvmbatiment.fr\/index.php\/wp-json\/wp\/v2\/comments?post=57606"}],"version-history":[{"count":2,"href":"https:\/\/dvmbatiment.fr\/index.php\/wp-json\/wp\/v2\/pages\/57606\/revisions"}],"predecessor-version":[{"id":57610,"href":"https:\/\/dvmbatiment.fr\/index.php\/wp-json\/wp\/v2\/pages\/57606\/revisions\/57610"}],"wp:attachment":[{"href":"https:\/\/dvmbatiment.fr\/index.php\/wp-json\/wp\/v2\/media?parent=57606"}],"curies":[{"name":"wp","href":"https:\/\/api.w.org\/{rel}","templated":true}]}}